{"id":21161,"date":"2023-12-12T12:20:05","date_gmt":"2023-12-12T15:20:05","guid":{"rendered":"https:\/\/alespacodearte.com\/gatewayproject\/r-trompaz\/"},"modified":"2023-12-12T12:27:04","modified_gmt":"2023-12-12T15:27:04","slug":"r-trompaz","status":"publish","type":"page","link":"https:\/\/alespacodearte.com\/en\/gatewayproject\/r-trompaz\/","title":{"rendered":"R. Trompaz"},"content":{"rendered":"[spb_row element_name=&#8221;Luiz 83&#8243; wrap_type=&#8221;standard-width&#8221; row_bg_type=&#8221;color&#8221; color_row_height=&#8221;content-height&#8221; bg_type=&#8221;cover&#8221; parallax_image_height=&#8221;content-height&#8221; parallax_image_movement=&#8221;fixed&#8221; parallax_image_speed=&#8221;standard&#8221; bg_video_loop=&#8221;yes&#8221; parallax_video_height=&#8221;window-height&#8221; row_top_style=&#8221;none&#8221; row_bottom_style=&#8221;none&#8221; parallax_video_overlay=&#8221;none&#8221; row_overlay_opacity=&#8221;0&#8243; remove_element_spacing=&#8221;no&#8221; row_col_spacing=&#8221;0&#8243; row_col_pos=&#8221;default&#8221; row_col_equal_heights=&#8221;no&#8221; row_expanding=&#8221;no&#8221; row_animation=&#8221;none&#8221; row_animation_delay=&#8221;0&#8243; minimize_row=&#8221;no&#8221; simplified_controls=&#8221;yes&#8221; custom_css_percentage=&#8221;no&#8221; custom_css=&#8221;margin-top: 0px;margin-bottom: 0px;&#8221; border_styling_global=&#8221;default&#8221; width=&#8221;1\/1&#8243; el_position=&#8221;first last&#8221;] [spb_text_block animation=&#8221;none&#8221; animation_delay=&#8221;0&#8243; simplified_controls=&#8221;yes&#8221; custom_css_percentage=&#8221;no&#8221; padding_vertical=&#8221;0&#8243; padding_horizontal=&#8221;0&#8243; margin_vertical=&#8221;0&#8243; custom_css=&#8221;margin-top: 0px;margin-bottom: 0px;&#8221; border_size=&#8221;0&#8243; border_styling_global=&#8221;default&#8221; width=&#8221;1\/1&#8243; el_position=&#8221;first last&#8221;]\n<p class=\"impact-text-large\"><strong>R. Trompaz<\/strong><\/p>\n[\/spb_text_block] [spb_divider type=&#8221;standard&#8221; text=&#8221;Go to top&#8221; top_margin=&#8221;0px&#8221; bottom_margin=&#8221;30px&#8221; fullwidth=&#8221;no&#8221; width=&#8221;1\/1&#8243; el_position=&#8221;first last&#8221;] [spb_text_block animation=&#8221;none&#8221; animation_delay=&#8221;0&#8243; simplified_controls=&#8221;yes&#8221; custom_css_percentage=&#8221;no&#8221; padding_vertical=&#8221;0&#8243; padding_horizontal=&#8221;0&#8243; margin_vertical=&#8221;0&#8243; custom_css=&#8221;margin-top: 0px;margin-bottom: 0px;&#8221; border_size=&#8221;0&#8243; border_styling_global=&#8221;default&#8221; width=&#8221;1\/1&#8243; el_position=&#8221;first last&#8221;]\n<p>Painting on a gate or wall using the SSGE theme, which is part of the research by S\u00e3o Paulo artist R. Trompaz. The work can be done in black on a white background, or in white on a black background.<\/p>\n<p>R. Trompaz (1988), was born and raised in S\u00e3o Paulo. He is a visual artist, designer and illustrator. Graduated in Graphic Design from Centro Universit\u00e1rio Belas Artes de S\u00e3o Paulo. As a child, he had his first contact with the arts on a Community Action course in Brazil, due to his commitment, he won a scholarship to study drawing on weekends at MuBE &#8211; Museu Brasileiro da Escultura e Ecologia, all in a short time after starting elementary school.<\/p>\n<p>He was the winner of the art contest held by Volcom (a Californian clothing brand) in Brazil, called Volcom \u2019s Sub-Mission Tour 2006\/2007, in the Volcomiczine Contest category, presenting a fanzine made with a ballpoint pen. Curious and observant since he was a child, he found art to be the best way to express countless forms of inequality, which are very much alive in his mind.<\/p>\n<p>R. Trompaz uses art (painting, drawing, illustration) as a means of expression and social criticism, giving a voice to the less favored classes, through the Geographically Open Social Segregation (SSGE) project.<\/p>\n[\/spb_text_block] [spb_blank_spacer height=&#8221;60px&#8221; width=&#8221;1\/1&#8243; el_position=&#8221;first last&#8221;] [spb_text_block animation=&#8221;none&#8221; animation_delay=&#8221;0&#8243; simplified_controls=&#8221;yes&#8221; custom_css_percentage=&#8221;no&#8221; padding_vertical=&#8221;0&#8243; padding_horizontal=&#8221;0&#8243; margin_vertical=&#8221;0&#8243; custom_css=&#8221;margin-top: 0px;margin-bottom: 0px;&#8221; border_size=&#8221;0&#8243; border_styling_global=&#8221;default&#8221; width=&#8221;1\/1&#8243; el_position=&#8221;first last&#8221;]\n<p class=\"impact-text impact-text-large\">Projeto Port\u00e3o 2023<\/p>\n[\/spb_text_block] [spb_video link=&#8221;https:\/\/vimeo.com\/887412424&#8243; remove_related=&#8221;yes&#8221; autoplay=&#8221;no&#8221; full_width=&#8221;no&#8221; width=&#8221;1\/2&#8243; el_position=&#8221;first&#8221;] [spb_image image=&#8221;21157&#8243; image_size=&#8221;full&#8221; frame=&#8221;noframe&#8221; caption_pos=&#8221;hover&#8221; remove_rounded=&#8221;yes&#8221; fullwidth=&#8221;no&#8221; overflow_mode=&#8221;none&#8221; link_target=&#8221;_self&#8221; lightbox=&#8221;no&#8221; intro_animation=&#8221;none&#8221; animation_delay=&#8221;200&#8243; width=&#8221;1\/2&#8243; el_position=&#8221;last&#8221;][\/spb_image] [spb_blank_spacer height=&#8221;60px&#8221; width=&#8221;1\/1&#8243; el_position=&#8221;first last&#8221;] [\/spb_row]\n","protected":false},"excerpt":{"rendered":"<p>[spb_row element_name=&#8221;Luiz 83&#8243; wrap_type=&#8221;standard-width&#8221; row_bg_type=&#8221;color&#8221; color_row_height=&#8221;content-height&#8221; bg_type=&#8221;cover&#8221; parallax_image_height=&#8221;content-height&#8221; parallax_image_movement=&#8221;fixed&#8221; parallax_image_speed=&#8221;standard&#8221; bg_video_loop=&#8221;yes&#8221; parallax_video_height=&#8221;window-height&#8221; row_top_style=&#8221;none&#8221; row_bottom_style=&#8221;none&#8221; parallax_video_overlay=&#8221;none&#8221; row_overlay_opacity=&#8221;0&#8243; remove_element_spacing=&#8221;no&#8221; row_col_spacing=&#8221;0&#8243; row_col_pos=&#8221;default&#8221; row_col_equal_heights=&#8221;no&#8221; row_expanding=&#8221;no&#8221; row_animation=&#8221;none&#8221; row_animation_delay=&#8221;0&#8243; minimize_row=&#8221;no&#8221; simplified_controls=&#8221;yes&#8221; custom_css_percentage=&#8221;no&#8221; custom_css=&#8221;margin-top: 0px;margin-bottom: 0px;&#8221; border_styling_global=&#8221;default&#8221; width=&#8221;1\/1&#8243; el_position=&#8221;first last&#8221;] [spb_text_block animation=&#8221;none&#8221; animation_delay=&#8221;0&#8243; simplified_controls=&#8221;yes&#8221; custom_css_percentage=&#8221;no&#8221; padding_vertical=&#8221;0&#8243; padding_horizontal=&#8221;0&#8243; margin_vertical=&#8221;0&#8243; custom_css=&#8221;margin-top: 0px;margin-bottom: 0px;&#8221; border_size=&#8221;0&#8243; border_styling_global=&#8221;default&#8221; width=&#8221;1\/1&#8243; el_position=&#8221;first last&#8221;] R. Trompaz [\/spb_text_block] [spb_divider type=&#8221;standard&#8221; text=&#8221;Go to top&#8221; top_margin=&#8221;0px&#8221; bottom_margin=&#8221;30px&#8221; fullwidth=&#8221;no&#8221; [&hellip;]<\/p>\n","protected":false},"author":1,"featured_media":0,"parent":20144,"menu_order":0,"comment_status":"closed","ping_status":"closed","template":"","meta":{"_mo_disable_npp":"","footnotes":""},"class_list":["post-21161","page","type-page","status-publish","hentry"],"_links":{"self":[{"href":"https:\/\/alespacodearte.com\/en\/wp-json\/wp\/v2\/pages\/21161","targetHints":{"allow":["GET"]}}],"collection":[{"href":"https:\/\/alespacodearte.com\/en\/wp-json\/wp\/v2\/pages"}],"about":[{"href":"https:\/\/alespacodearte.com\/en\/wp-json\/wp\/v2\/types\/page"}],"author":[{"embeddable":true,"href":"https:\/\/alespacodearte.com\/en\/wp-json\/wp\/v2\/users\/1"}],"replies":[{"embeddable":true,"href":"https:\/\/alespacodearte.com\/en\/wp-json\/wp\/v2\/comments?post=21161"}],"version-history":[{"count":0,"href":"https:\/\/alespacodearte.com\/en\/wp-json\/wp\/v2\/pages\/21161\/revisions"}],"up":[{"embeddable":true,"href":"https:\/\/alespacodearte.com\/en\/wp-json\/wp\/v2\/pages\/20144"}],"wp:attachment":[{"href":"https:\/\/alespacodearte.com\/en\/wp-json\/wp\/v2\/media?parent=21161"}],"curies":[{"name":"wp","href":"https:\/\/api.w.org\/{rel}","templated":true}]}}